{"id":17,"date":"2015-11-30T10:10:03","date_gmt":"2015-11-30T10:10:03","guid":{"rendered":"http:\/\/tmesevar.mende.hu\/ovi\/?page_id=17"},"modified":"2015-11-30T10:10:03","modified_gmt":"2015-11-30T10:10:03","slug":"az-ovirol","status":"publish","type":"page","link":"https:\/\/mesevar.mende.hu\/ovi\/","title":{"rendered":"Az Ovir\u00f3l"},"content":{"rendered":"<p>Le\u00edr\u00e1s az \u00d3vod\u00e1r\u00f3l<\/p>\n","protected":false},"excerpt":{"rendered":"<p>Le\u00edr\u00e1s az \u00d3vod\u00e1r\u00f3l<\/p>\n","protected":false},"author":1,"featured_media":0,"parent":0,"menu_order":0,"comment_status":"closed","ping_status":"closed","template":"","meta":{"footnotes":""},"class_list":["post-17","page","type-page","status-publish","hentry"],"_links":{"self":[{"href":"https:\/\/mesevar.mende.hu\/ovi\/index.php\/wp-json\/wp\/v2\/pages\/17"}],"collection":[{"href":"https:\/\/mesevar.mende.hu\/ovi\/index.php\/wp-json\/wp\/v2\/pages"}],"about":[{"href":"https:\/\/mesevar.mende.hu\/ovi\/index.php\/wp-json\/wp\/v2\/types\/page"}],"author":[{"embeddable":true,"href":"https:\/\/mesevar.mende.hu\/ovi\/index.php\/wp-json\/wp\/v2\/users\/1"}],"replies":[{"embeddable":true,"href":"https:\/\/mesevar.mende.hu\/ovi\/index.php\/wp-json\/wp\/v2\/comments?post=17"}],"version-history":[{"count":1,"href":"https:\/\/mesevar.mende.hu\/ovi\/index.php\/wp-json\/wp\/v2\/pages\/17\/revisions"}],"predecessor-version":[{"id":18,"href":"https:\/\/mesevar.mende.hu\/ovi\/index.php\/wp-json\/wp\/v2\/pages\/17\/revisions\/18"}],"wp:attachment":[{"href":"https:\/\/mesevar.mende.hu\/ovi\/index.php\/wp-json\/wp\/v2\/media?parent=17"}],"curies":[{"name":"wp","href":"https:\/\/api.w.org\/{rel}","templated":true}]}}