{"id":25,"date":"2015-11-30T10:12:30","date_gmt":"2015-11-30T10:12:30","guid":{"rendered":"http:\/\/tmesevar.mende.hu\/ovi\/?page_id=25"},"modified":"2015-12-02T20:23:28","modified_gmt":"2015-12-02T20:23:28","slug":"elerhetoseg","status":"publish","type":"page","link":"https:\/\/mesevar.mende.hu\/ovi\/index.php\/elerhetoseg\/","title":{"rendered":"El\u00e9rhet\u0151s\u00e9g"},"content":{"rendered":"<p style=\"text-align: center;\"><span style=\"font-family: Comic Sans MS,sans-serif; color: #339966;\"><strong>Int\u00e9zm\u00e9ny neve, c\u00edme: Mesev\u00e1r \u00d3voda-B\u00f6lcs\u0151de 2235.Mende, F\u0151 u.10. \u00a0\u00a0 Tel.:29\/439-137<\/strong><\/span><\/p>\n<p style=\"text-align: center;\"><span style=\"font-family: Comic Sans MS,sans-serif; color: #339966;\"><strong>Telephelyei: Mesev\u00e1r \u00d3voda 2235. Mende, Fejes Ferenc t\u00e9r.16.\u00a0\u00a0 Tel.:29\/438-330<\/strong><\/span><\/p>\n<p style=\"text-align: center;\"><span style=\"font-family: Comic Sans MS,sans-serif; color: #339966;\"><strong>Mende B\u00f6lcs\u0151de 2235. Mende, Fejes Ferenc t\u00e9r 16\/A Tel.: 29\/738-504<\/strong><\/span><\/p>\n<p style=\"text-align: center;\"><span style=\"font-family: Comic Sans MS,sans-serif; color: #339966;\"><strong>E-mail: <a href=\"mailto:mesevar@mende.hu\">mesevar@mende.hu<\/a><\/strong><\/span><\/p>\n<p style=\"text-align: center;\"><span style=\"font-family: Comic Sans MS,sans-serif; color: #339966;\"><strong>Fenntart\u00f3ja: Mende K\u00f6zs\u00e9g \u00d6nkorm\u00e1nyzat<\/strong><\/span><\/p>\n<p style=\"text-align: center;\"><span style=\"font-family: Comic Sans MS,sans-serif; color: #339966;\"><strong>OM azonos\u00edt\u00f3 sz\u00e1ma: 201890<\/strong><\/span><\/p>\n","protected":false},"excerpt":{"rendered":"<p>Int\u00e9zm\u00e9ny neve, c\u00edme: Mesev\u00e1r \u00d3voda-B\u00f6lcs\u0151de 2235.Mende, F\u0151 u.10. \u00a0\u00a0 Tel.:29\/439-137 Telephelyei: Mesev\u00e1r \u00d3voda 2235. Mende, Fejes Ferenc t\u00e9r.16.\u00a0\u00a0 Tel.:29\/438-330 Mende B\u00f6lcs\u0151de 2235. Mende, Fejes Ferenc t\u00e9r 16\/A Tel.: 29\/738-504 E-mail: mesevar@mende.hu Fenntart\u00f3ja: Mende K\u00f6zs\u00e9g \u00d6nkorm\u00e1nyzat OM azonos\u00edt\u00f3 sz\u00e1ma: 201890<\/p>\n","protected":false},"author":1,"featured_media":0,"parent":0,"menu_order":0,"comment_status":"closed","ping_status":"closed","template":"","meta":{"footnotes":""},"class_list":["post-25","page","type-page","status-publish","hentry"],"_links":{"self":[{"href":"https:\/\/mesevar.mende.hu\/ovi\/index.php\/wp-json\/wp\/v2\/pages\/25"}],"collection":[{"href":"https:\/\/mesevar.mende.hu\/ovi\/index.php\/wp-json\/wp\/v2\/pages"}],"about":[{"href":"https:\/\/mesevar.mende.hu\/ovi\/index.php\/wp-json\/wp\/v2\/types\/page"}],"author":[{"embeddable":true,"href":"https:\/\/mesevar.mende.hu\/ovi\/index.php\/wp-json\/wp\/v2\/users\/1"}],"replies":[{"embeddable":true,"href":"https:\/\/mesevar.mende.hu\/ovi\/index.php\/wp-json\/wp\/v2\/comments?post=25"}],"version-history":[{"count":3,"href":"https:\/\/mesevar.mende.hu\/ovi\/index.php\/wp-json\/wp\/v2\/pages\/25\/revisions"}],"predecessor-version":[{"id":97,"href":"https:\/\/mesevar.mende.hu\/ovi\/index.php\/wp-json\/wp\/v2\/pages\/25\/revisions\/97"}],"wp:attachment":[{"href":"https:\/\/mesevar.mende.hu\/ovi\/index.php\/wp-json\/wp\/v2\/media?parent=25"}],"curies":[{"name":"wp","href":"https:\/\/api.w.org\/{rel}","templated":true}]}}