{"id":51,"date":"2015-12-02T12:55:01","date_gmt":"2015-12-02T12:55:01","guid":{"rendered":"http:\/\/tmesevar.mende.hu\/ovi\/?page_id=51"},"modified":"2015-12-02T12:55:01","modified_gmt":"2015-12-02T12:55:01","slug":"kozzeteteli-lista","status":"publish","type":"page","link":"https:\/\/mesevar.mende.hu\/ovi\/index.php\/kozzeteteli-lista\/","title":{"rendered":"K\u00f6zz\u00e9t\u00e9teli lista"},"content":{"rendered":"<p style=\"text-align: center;\"><a href=\"http:\/\/tmesevar.mende.hu\/ovi\/wp-content\/uploads\/2015\/12\/K\u00d6ZZ\u00c9T\u00c9TELI_LISTA.pdf\">PDF Form\u00e1tum.. <\/a><\/p>\n<p style=\"text-align: center;\"><strong>K\u00d6ZZ\u00c9T\u00c9TELI LISTA<\/strong><\/p>\n<p><strong>\u00a0<\/strong><\/p>\n<p><strong>\u00a0<\/strong><\/p>\n<p style=\"text-align: center;\">A korm\u00e1ny 229\/2012 (VIII.28.) korm\u00e1nyrendelete a nemzeti k\u00f6znevel\u00e9sr\u0151l sz\u00f3l\u00f3 t\u00f6rv\u00e9ny v\u00e9grehajt\u00e1s\u00e1r\u00f3l 23.\u00a7-a \u00e9rtelm\u00e9ben az al\u00e1bbi adatokat tessz\u00fck k\u00f6zz\u00e9 :<\/p>\n<p>&nbsp;<\/p>\n<p>&nbsp;<\/p>\n<p style=\"text-align: center;\"><strong>\u00d3voda megnevez\u00e9se : Mesev\u00e1r \u00d3voda-B\u00f6lcs\u0151de<\/strong><\/p>\n<p style=\"text-align: center;\"><strong>\u00a0<\/strong><\/p>\n<p style=\"text-align: center;\"><strong>Az \u00f3voda c\u00edme, sz\u00e9khelye<\/strong> : 2235, Mende F\u0151 \u00fat 10.<\/p>\n<p style=\"text-align: center;\">\u00a0\u00a0\u00a0\u00a0\u00a0\u00a0\u00a0\u00a0\u00a0\u00a0\u00a0\u00a0\u00a0\u00a0\u00a0\u00a0\u00a0\u00a0\u00a0\u00a0\u00a0\u00a0\u00a0\u00a0\u00a0\u00a0\u00a0\u00a0\u00a0\u00a0\u00a0\u00a0\u00a0\u00a0\u00a0\u00a0 Tel.:29 \/ 439-137<\/p>\n<p style=\"text-align: center;\">\u00a0\u00a0\u00a0\u00a0\u00a0\u00a0\u00a0\u00a0\u00a0\u00a0\u00a0\u00a0\u00a0\u00a0\u00a0\u00a0\u00a0\u00a0\u00a0\u00a0\u00a0\u00a0\u00a0\u00a0\u00a0\u00a0\u00a0\u00a0\u00a0\u00a0\u00a0\u00a0 E-mail: mesevarovoda@mende.hu<\/p>\n<p style=\"text-align: center;\">\n<p style=\"text-align: center;\">\n<p style=\"text-align: center;\"><strong>Telephely :<\/strong> \u00a0\u00a0\u00a0\u00a0\u00a0\u00a0\u00a0\u00a0\u00a0\u00a0\u00a0\u00a0\u00a0\u00a0\u00a0\u00a0\u00a0\u00a0\u00a0\u00a0\u00a0\u00a0\u00a0&#8211; Mesev\u00e1r \u00d3voda-B\u00f6lcs\u0151de<\/p>\n<p style=\"text-align: center;\">\u00a0\u00a0\u00a0\u00a0\u00a0\u00a0\u00a0\u00a0\u00a0\u00a0\u00a0\u00a0\u00a0\u00a0\u00a0\u00a0\u00a0\u00a0\u00a0\u00a0\u00a0\u00a0\u00a0\u00a0\u00a0\u00a0\u00a0\u00a0\u00a0\u00a0\u00a0\u00a0\u00a0\u00a0\u00a0\u00a0\u00a0\u00a0\u00a0\u00a0\u00a0\u00a0\u00a0\u00a0 2235, Mende Fejes Ferenc t\u00e9r 16.<\/p>\n<p style=\"text-align: center;\">\u00a0\u00a0\u00a0\u00a0\u00a0\u00a0\u00a0\u00a0\u00a0\u00a0\u00a0\u00a0\u00a0\u00a0\u00a0\u00a0\u00a0\u00a0\u00a0\u00a0\u00a0\u00a0\u00a0\u00a0\u00a0\u00a0\u00a0\u00a0\u00a0\u00a0\u00a0\u00a0\u00a0\u00a0\u00a0\u00a0 Tel.: 29 \/ 438-330<\/p>\n<p style=\"text-align: center;\">\u00a0\u00a0\u00a0\u00a0\u00a0\u00a0\u00a0\u00a0\u00a0\u00a0\u00a0\u00a0\u00a0\u00a0\u00a0\u00a0\u00a0\u00a0\u00a0\u00a0\u00a0\u00a0\u00a0\u00a0\u00a0\u00a0\u00a0\u00a0\u00a0\u00a0 E-mail : pusztaovi@mende.hu<\/p>\n<p style=\"text-align: center;\">\n<p style=\"text-align: center;\">\n<p style=\"text-align: center;\">\u00a0\u00a0\u00a0\u00a0\u00a0\u00a0\u00a0\u00a0\u00a0\u00a0\u00a0\u00a0\u00a0\u00a0\u00a0\u00a0\u00a0\u00a0\u00a0\u00a0\u00a0\u00a0\u00a0\u00a0\u00a0\u00a0\u00a0\u00a0\u00a0\u00a0\u00a0\u00a0\u00a0\u00a0\u00a0\u00a0\u00a0\u00a0\u00a0\u00a0 &#8211; B\u00f6lcs\u0151de<\/p>\n<p style=\"text-align: center;\">\u00a0\u00a0\u00a0\u00a0\u00a0\u00a0\u00a0\u00a0\u00a0\u00a0\u00a0\u00a0\u00a0\u00a0\u00a0\u00a0\u00a0\u00a0\u00a0\u00a0\u00a0\u00a0\u00a0\u00a0\u00a0\u00a0\u00a0\u00a0\u00a0\u00a0\u00a0\u00a0\u00a0\u00a0\u00a0\u00a0\u00a0\u00a0\u00a0\u00a0\u00a0\u00a0\u00a0\u00a0 2235, Mende Fejes Ferenc t\u00e9r 16\/a<\/p>\n<p style=\"text-align: center;\">\u00a0\u00a0\u00a0\u00a0\u00a0\u00a0\u00a0\u00a0\u00a0\u00a0\u00a0\u00a0\u00a0\u00a0\u00a0\u00a0\u00a0\u00a0\u00a0\u00a0\u00a0\u00a0\u00a0\u00a0\u00a0\u00a0\u00a0\u00a0\u00a0\u00a0\u00a0\u00a0\u00a0\u00a0 Tel.: 29\/738-504<\/p>\n<p style=\"text-align: center;\">\u00a0\u00a0\u00a0\u00a0\u00a0\u00a0\u00a0\u00a0\u00a0\u00a0\u00a0\u00a0\u00a0\u00a0\u00a0\u00a0\u00a0\u00a0\u00a0\u00a0\u00a0\u00a0\u00a0\u00a0\u00a0\u00a0\u00a0\u00a0 E-mail : <a href=\"mailto:bolcsode@mende.hu\">bolcsode@mende.hu<\/a><\/p>\n<p style=\"text-align: center;\">\n<p style=\"text-align: center;\">\n<p style=\"text-align: center;\">\n<p style=\"text-align: center;\"><strong>Int\u00e9zm\u00e9nyvezet\u0151 :<\/strong> Juh\u00e1sz S\u00e1ndor J\u00e1nosn\u00e9<\/p>\n<p>&nbsp;<\/p>\n<p><strong>Alap\u00edt\u00f3 okirat sz\u00e1ma :<\/strong> 37\/2014(IV.29.) sz\u00e1m\u00fa hat\u00e1rozat ,m\u00f3dos\u00edtotta a : 77\/2014 (VIII.30)<\/p>\n<p>sz\u00e1m\u00fa hat\u00e1rozat<\/p>\n<p>&nbsp;<\/p>\n<p><strong>OM azonos\u00edt\u00f3 :<\/strong>\u00a0\u00a0\u00a0\u00a0\u00a0\u00a0\u00a0\u00a0\u00a0\u00a0\u00a0\u00a0 201890<\/p>\n<p>&nbsp;<\/p>\n<p>&nbsp;<\/p>\n<p>&nbsp;<\/p>\n<p><strong>1.a) \u00d3vodapedag\u00f3gusok sz\u00e1ma :<\/strong> 10 f\u0151<\/p>\n<p>&nbsp;<\/p>\n<p>F\u0151iskolai v\u00e9gzetts\u00e9ggel rendelkezik : 10 f\u0151<\/p>\n<p>&nbsp;<\/p>\n<p>Szakvizsg\u00e1zott\u00a0\u00a0\u00a0\u00a0\u00a0\u00a0\u00a0\u00a0\u00a0\u00a0\u00a0\u00a0\u00a0\u00a0\u00a0\u00a0\u00a0\u00a0\u00a0\u00a0\u00a0\u00a0\u00a0\u00a0\u00a0\u00a0\u00a0\u00a0\u00a0\u00a0\u00a0\u00a0\u00a0\u00a0 : 7 f\u0151<\/p>\n<p>K\u00f6zoktat\u00e1s szak\u00e9rt\u0151i v\u00e9gzetts\u00e9ggel rendelkezik: 1 f\u0151<\/p>\n<p>&nbsp;<\/p>\n<p>Gy\u00f3gypedag\u00f3gus v\u00e9gzetts\u00e9ggel rendelkezik : 1 f\u0151<\/p>\n<p>&nbsp;<\/p>\n<p><strong>\u00a0<\/strong><\/p>\n<p><strong>\u00a0<\/strong><\/p>\n<p><strong>\u00a0<\/strong><\/p>\n<p><strong>\u00a0<\/strong><\/p>\n<p><strong>\u00a0<\/strong><\/p>\n<p><strong>\u00a0<\/strong><\/p>\n<table width=\"571\">\n<tbody>\n<tr>\n<td width=\"49\"><strong>Sorsz.<\/strong><\/td>\n<td width=\"131\"><strong>Munkak\u00f6r<\/strong><\/td>\n<td width=\"255\"><strong>V\u00e9gzetts\u00e9g<\/strong><\/td>\n<td width=\"136\"><strong>Egy\u00e9b szakk\u00e9pes\u00edt\u00e9s<\/strong><\/td>\n<\/tr>\n<tr>\n<td width=\"49\"><strong>1.<\/strong><\/td>\n<td width=\"131\">\u00d3vodapedag\u00f3gus<\/td>\n<td width=\"255\">\u00d3v\u00f3n\u0151k\u00e9pz\u0151 int\u00e9zet Kecskem\u00e9t-\u00f3v\u00f3n\u0151,Debreceni Egyetem, Hajd\u00fab\u00f6sz\u00f6rm\u00e9nyi Pedag\u00f3giai F\u0151isklolai Kar-Gyermek-,isj\u00fas\u00e1g-\u00e9s csal\u00e1dv\u00e9delem<\/td>\n<td width=\"136\">&nbsp;<\/td>\n<\/tr>\n<tr>\n<td width=\"49\"><strong>2.<\/strong><\/td>\n<td width=\"131\">\u00d3vodapedag\u00f3gus<\/td>\n<td width=\"255\">Szarvasi \u00d3v\u00f3n\u0151k\u00e9pz\u0151 Int\u00e9zet-\u00f3v\u00f3n\u0151<\/td>\n<td width=\"136\">Sz\u00e1m\u00edt\u00e1stechnikai szoftver-\u00fczemeltet\u0151<\/td>\n<\/tr>\n<tr>\n<td width=\"49\"><strong>3.<\/strong><\/td>\n<td width=\"131\">\u00d3vodapedag\u00f3gus<\/td>\n<td width=\"255\">Kecskem\u00e9ti Tan\u00edt\u00f3k\u00e9pz\u0151 F\u0151iskola-\u00f3vodapedag\u00f3gus ,Debreceni Egyetem Hajd\u00fab\u00f6sz\u00f6rm\u00e9nyi Pedag\u00f3giai F\u0151iskolai Kar-Tan\u00fcgyigazgat\u00e1si ,nevel\u00e9si-oktat\u00e1si ,int\u00e9zm\u00e9nyi ismeretek<\/td>\n<td width=\"136\">&nbsp;<\/td>\n<\/tr>\n<tr>\n<td width=\"49\"><strong>4.<\/strong><\/td>\n<td width=\"131\">\u00d3vodapedag\u00f3gus<\/td>\n<td width=\"255\">Brunszvik Ter\u00e9z \u00d3v\u00f3k\u00e9pz\u0151 F\u0151iskola-\u00f3vodapedag\u00f3gus ,Vezet\u0151 \u00f3vodapedag\u00f3gus ,E\u00f6tv\u00f6s Lor\u00e1nd Tudom\u00e1nyegyetem B\u00e1rczi Guszt\u00e1v Gy\u00f3gypedag\u00f3giai F\u0151iskolai Kar -Gy\u00f3gypedag\u00f3gus,pszichopedag\u00f3giai szak<\/td>\n<td width=\"136\">Sz\u00e1m\u00edt\u00e1stechnikai szoftver-\u00fczemeltet\u0151<\/p>\n<p>&nbsp;<\/p>\n<p>&nbsp;<\/p>\n<p>K\u00f6zoktat\u00e1si szak\u00e9rt\u0151<\/p>\n<p>&nbsp;<\/p>\n<p>&nbsp;<\/p>\n<p>&nbsp;<\/td>\n<\/tr>\n<tr>\n<td width=\"49\"><strong>5.<\/strong><\/td>\n<td width=\"131\">\u00d3vodapedag\u00f3gus<\/td>\n<td width=\"255\">Kecskem\u00e9ti Tan\u00edt\u00f3k\u00e9pz\u0151 F\u0151iskola-\u00f3vodapedag\u00f3gus<\/td>\n<td width=\"136\">Gy\u00f3gypedag\u00f3giai asszisztens ,Sz\u00e1m\u00edt\u00e1stechnikai szoftver \u00fczemeltet\u0151<\/p>\n<p>&nbsp;<\/td>\n<\/tr>\n<tr>\n<td width=\"49\"><strong>6.<\/strong><\/td>\n<td width=\"131\">\u00d3vodapedag\u00f3gus<\/td>\n<td width=\"255\">Kecskem\u00e9ti tan\u00edt\u00f3k\u00e9pz\u0151 F\u0151iskola-\u00f3vodapedag\u00f3gus ,Debreceni Egyetem Hajd\u00fab\u00f6sz\u00f6rm\u00e9nyi Pedag\u00f3giai F\u0151iskolai Kar-Tan\u00fcgyigazgat\u00e1si ,nevel\u00e9si-oktat\u00e1si,int\u00e9zm\u00e9nyi ismeretek<\/td>\n<td width=\"136\">&nbsp;<\/td>\n<\/tr>\n<tr>\n<td width=\"49\"><strong>7.<\/strong><\/td>\n<td width=\"131\">\u00d3vodapedag\u00f3gus<\/td>\n<td width=\"255\">\u00d3v\u00f3n\u0151k\u00e9pz\u0151 int\u00e9zet Kecskem\u00e9t-\u00f3v\u00f3n\u0151,debreceni Egyetem Hajd\u00fab\u00f6sz\u00f6rm\u00e9nyi Pedag\u00f3giai F\u0151iskolai Kar-Vezet\u0151 \u00d3vodapedag\u00f3gus<\/td>\n<td width=\"136\">&nbsp;<\/td>\n<\/tr>\n<tr>\n<td width=\"49\"><strong>8.<\/strong><\/td>\n<td width=\"131\">\u00d3vodapedag\u00f3gus<\/td>\n<td width=\"255\">Brunszvik Ter\u00e9z \u00d3v\u00f3k\u00e9pz\u0151 F\u0151iskola-\u00f3vodapedag\u00f3gus , Debreceni Egyetem Hajd\u00fab\u00f6sz\u00f6rm\u00e9nyi Pedag\u00f3giai F\u0151iskolai Kar -Differenci\u00e1l\u00f3,fejleszt\u0151 Pedag\u00f3giai ismeretek<\/td>\n<td width=\"136\">Sz\u00e1m\u00edt\u00e1stecnikai szoftver-\u00fczemeltet\u0151<\/td>\n<\/tr>\n<tr>\n<td width=\"49\"><strong>9.<\/strong><\/td>\n<td width=\"131\">\u00d3vodapedag\u00f3gus<\/td>\n<td width=\"255\">Budapesti Tan\u00edt\u00f3k\u00e9pz\u0151 F\u0151iskola-\u00f3vodapedag\u00f3gus ,<\/td>\n<td width=\"136\">Sz\u00e1m\u00edt\u00e1stechnikai szoftver-\u00fczemeltet\u0151<\/td>\n<\/tr>\n<tr>\n<td width=\"49\"><strong>10.<\/strong><\/td>\n<td width=\"131\">\u00d3vodapedag\u00f3gus<\/td>\n<td width=\"255\">\u00d3v\u00f3n\u0151k\u00e9pz\u0151 int\u00e9zet Kecskem\u00e9t-\u00f3v\u00f3n\u0151,debreceni Egyetem Hajd\u00fab\u00f6sz\u00f6rm\u00e9nyi Pedag\u00f3giai F\u0151iskolai Kar-Vezet\u0151 \u00d3vodapedag\u00f3gus<\/p>\n<p>&nbsp;<\/td>\n<td width=\"136\">&nbsp;<\/td>\n<\/tr>\n<\/tbody>\n<\/table>\n<p><strong>\u00a0<\/strong><\/p>\n<p><strong>\u00a0<\/strong><\/p>\n<p><strong>\u00a0<\/strong><\/p>\n<p><strong>\u00a0<\/strong><\/p>\n<p><strong>\u00a0<\/strong><\/p>\n<p><strong>\u00a0<\/strong><\/p>\n<p><strong>\u00a0<\/strong><\/p>\n<p><strong>\u00a0<\/strong><\/p>\n<p><strong>\u00a0<\/strong><\/p>\n<ol>\n<li><strong>b)<\/strong> Kisgyermeknevel\u0151k sz\u00e1ma : 3 f\u0151<\/li>\n<\/ol>\n<p>&nbsp;<\/p>\n<p>&nbsp;<\/p>\n<table width=\"571\">\n<tbody>\n<tr>\n<td width=\"49\"><strong>Sorsz.<\/strong><\/td>\n<td width=\"131\"><strong>Munkak\u00f6r<\/strong><\/td>\n<td width=\"255\"><strong>V\u00e9gzetts\u00e9g<\/strong><\/td>\n<td width=\"136\"><strong>Egy\u00e9b szakk\u00e9pes\u00edt\u00e9s<\/strong><\/td>\n<\/tr>\n<tr>\n<td width=\"49\"><strong>1.<\/strong><\/td>\n<td width=\"131\">Kisgyermeknevel\u0151<\/td>\n<td width=\"255\">M\u00f3ra Ferenc Eg\u00e9szs\u00e9g\u00fcgyi Szakk\u00f6z\u00e9piskola \u00e9s Gimn\u00e1zium<\/td>\n<td width=\"136\">\u00c1pol\u00f3<\/td>\n<\/tr>\n<tr>\n<td width=\"49\"><strong>2.<\/strong><\/td>\n<td width=\"131\">Kisgyermeknevel\u0151<\/td>\n<td width=\"255\">Pannon Kincst\u00e1r Tanoda T\u00f6bbc\u00e9l\u00fa Int\u00e9zm\u00e9ny Gimn\u00e1zium, Szakiskola<\/td>\n<td width=\"136\">&nbsp;<\/td>\n<\/tr>\n<tr>\n<td width=\"49\"><strong>3.<\/strong><\/td>\n<td width=\"131\">Kisgyermeknevel\u0151<\/td>\n<td width=\"255\">Szent\u00e1gothai J\u00e1nos Eg\u00e9szs\u00e9g\u00fcgyi Szakk\u00f6z\u00e9piskola \u00e9s Szakiskola<\/td>\n<td width=\"136\">Csecsem\u0151 \u00e9s gyermekgondoz\u00f3<\/td>\n<\/tr>\n<\/tbody>\n<\/table>\n<p>&nbsp;<\/p>\n<p>&nbsp;<\/p>\n<p>&nbsp;<\/p>\n<ol>\n<li><strong>Pedag\u00f3giai nevel\u0151 \u00e9s oktat\u00f3 munk\u00e1t k\u00f6zvetlen\u00fcl seg\u00edt\u0151 dolgoz\u00f3k sz\u00e1ma : <\/strong>7 f\u0151<\/li>\n<\/ol>\n<p>&nbsp;<\/p>\n<p>&nbsp;<\/p>\n<p>Dajka :\u00a0\u00a0\u00a0\u00a0\u00a0\u00a0\u00a0\u00a0\u00a0\u00a0\u00a0\u00a0\u00a0\u00a0\u00a0\u00a0\u00a0\u00a0\u00a0\u00a0\u00a0\u00a0\u00a0\u00a0\u00a0\u00a0 5 f\u0151<\/p>\n<p>Gazdas\u00e1gi titk\u00e1r :\u00a0\u00a0\u00a0\u00a0\u00a0\u00a0\u00a0\u00a0 1 f\u0151<\/p>\n<p>Pedag\u00f3giai asszisztens :1f\u0151<\/p>\n<p>&nbsp;<\/p>\n<p>&nbsp;<\/p>\n<table width=\"565\">\n<tbody>\n<tr>\n<td width=\"44\"><strong>Sorsz.<\/strong><\/td>\n<td width=\"131\"><strong>Munkak\u00f6r<\/strong><\/td>\n<td width=\"255\"><strong>V\u00e9gzetts\u00e9g<\/strong><\/td>\n<td width=\"136\"><strong>Egy\u00e9b szakk\u00e9pes\u00edt\u00e9s<\/strong><\/td>\n<\/tr>\n<tr>\n<td width=\"44\"><strong>1.<\/strong><\/td>\n<td width=\"131\">Ped.assszisztens<\/td>\n<td width=\"255\">Raul Wallenberg Hum\u00e1n Szakk\u00e9pz\u0151 Iskola \u00e9s Gimn\u00e1zium-\u00e9retts\u00e9gi<\/td>\n<td width=\"136\">Dajka ,\u00a0\u00a0 Pedag\u00f3giai asszisztens<\/td>\n<\/tr>\n<tr>\n<td width=\"44\"><strong>2.<\/strong><\/td>\n<td width=\"131\">Dajka<\/td>\n<td width=\"255\">&#8220;Asztalos J\u00e1nos&#8221; Kert\u00e9szeti \u00e9s F\u00f6ldm\u00e9r\u00e9si Szakk\u00f6z\u00e9piskola \u00e9s Szakmunk\u00e1sk\u00e9pz\u0151 Int\u00e9zet-szakk\u00f6z\u00e9piskolai \u00e9retts\u00e9gi<\/td>\n<td width=\"136\">Dajka<\/td>\n<\/tr>\n<tr>\n<td width=\"44\"><strong>3.<\/strong><\/td>\n<td width=\"131\">Dajka<\/td>\n<td width=\"255\">Pet\u0151fi S\u00e1ndor \u00c1ltal\u00e1nos Iskola Szalkszentm\u00e1rton-\u00e1ltal\u00e1nos iskolai bizony\u00edtv\u00e1ny<\/td>\n<td width=\"136\">&nbsp;<\/td>\n<\/tr>\n<tr>\n<td width=\"44\"><strong>4.<\/strong><\/td>\n<td width=\"131\">Dajka<\/td>\n<td width=\"255\">Nagyk\u00e1tai Damjanich J\u00e1nos Gimn\u00e1zium \u00e9s Kert\u00e9szeti Szak\u00f6z\u00e9piskola-szakk\u00f6z\u00e9piskolai \u00e9retts\u00e9gi<\/td>\n<td width=\"136\">Sz\u00e1m\u00edt\u00f3g\u00e9p kezel\u0151-haszn\u00e1l\u00f3<\/td>\n<\/tr>\n<tr>\n<td width=\"44\"><strong>5.<\/strong><\/td>\n<td width=\"131\">Dajka<\/td>\n<td width=\"255\">&#8220;Szondi Gy\u00f6rgy&#8221; Ipari Szakmunk\u00e1sk\u00e9pz\u0151 Int\u00e9zet \u00e9s Szakk\u00f6z\u00e9piskola-szakk\u00f6z\u00e9piskolai \u00e9retts\u00e9gi<\/td>\n<td width=\"136\">Pedag\u00f3giai asszisztens<\/td>\n<\/tr>\n<tr>\n<td width=\"44\"><strong>6.<\/strong><\/td>\n<td width=\"131\">Dajka<\/td>\n<td width=\"255\">\u00c1ltal\u00e1nos Iskola Magl\u00f3d -\u00e1ltal\u00e1nos iskolai bizony\u00edtv\u00e1ny<\/td>\n<td width=\"136\">&nbsp;<\/td>\n<\/tr>\n<tr>\n<td width=\"44\"><strong>7.<\/strong><\/td>\n<td width=\"131\">Gazdas\u00e1gi \u00fcgyint\u00e9z\u0151<\/td>\n<td width=\"255\">Hum\u00e1n K\u00f6z\u00e9piskola.szakk\u00f6z\u00e9piskolai \u00e9retts\u00e9gi<\/td>\n<td width=\"136\">T\u00e1rsadalombiztos\u00edt\u00e1si \u00e9s B\u00e9r\u00fcgyi Szakel\u0151ad\u00f3<\/td>\n<\/tr>\n<\/tbody>\n<\/table>\n<p>&nbsp;<\/p>\n<p>&nbsp;<\/p>\n<p>&nbsp;<\/p>\n<p>&nbsp;<\/p>\n<p>&nbsp;<\/p>\n<p>&nbsp;<\/p>\n<p>&nbsp;<\/p>\n<p>&nbsp;<\/p>\n<p>&nbsp;<\/p>\n<p>&nbsp;<\/p>\n<p>B\u00f6lcs\u0151de :\u00a0\u00a0\u00a0\u00a0\u00a0\u00a0\u00a0\u00a0\u00a0\u00a0 Technikai dolgoz\u00f3 : \u00a01 f\u0151<\/p>\n<p>&nbsp;<\/p>\n<table width=\"565\">\n<tbody>\n<tr>\n<td width=\"44\"><strong>1.<\/strong><\/td>\n<td width=\"131\">Technikai dolgoz\u00f3<\/td>\n<td width=\"255\">Budakal\u00e1sz Gimn\u00e1zium Cinkotai Tagiskola,Fl\u00f3r Ferenc Eg\u00e9szs\u00e9g\u00fcgyi Szakiskola ,Innov\u00e1ci\u00f3s Szakk\u00e9pz\u0151 \u00e9s Tov\u00e1bbk\u00e9pz\u0151 Iskola K\u00f6zpont<\/td>\n<td width=\"136\">Fizi\u00f3ter\u00e1pi\u00e1s asszisztens, \u00c1ltal\u00e1nos \u00e1pol\u00f3 \u00e9s asszisztens<\/td>\n<\/tr>\n<\/tbody>\n<\/table>\n<p>&nbsp;<\/p>\n<p>&nbsp;<\/p>\n<p>&nbsp;<\/p>\n<p><strong>3.a). \u00d3vodai csoportok sz\u00e1ma : 5<\/strong><\/p>\n<p><strong>\u00a0<\/strong><\/p>\n<p><strong> \u00a0\u00a0\u00a0\u00a0\u00a0\u00a0\u00a0\u00a0\u00a0\u00a0\u00a0\u00a0\u00a0\u00a0\u00a0\u00a0\u00a0\u00a0\u00a0\u00a0\u00a0\u00a0\u00a0\u00a0Csoport neve\u00a0\u00a0\u00a0\u00a0\u00a0\u00a0\u00a0\u00a0\u00a0\u00a0\u00a0\u00a0\u00a0\u00a0\u00a0\u00a0\u00a0\u00a0\u00a0\u00a0\u00a0\u00a0\u00a0\u00a0\u00a0\u00a0\u00a0\u00a0\u00a0\u00a0\u00a0\u00a0 L\u00e9tsz\u00e1m \/2015.okt.1-\u00e9n<\/strong><\/p>\n<p><strong>\u00a0<\/strong><\/p>\n<p>S\u00fcni\u00a0\u00a0\u00a0\u00a0\u00a0\u00a0\u00a0\u00a0\u00a0\u00a0\u00a0\u00a0\u00a0\u00a0\u00a0\u00a0\u00a0\u00a0\u00a0\u00a0\u00a0\u00a0\u00a0\u00a0\u00a0\u00a0\u00a0\u00a0\u00a0\u00a0\u00a0\u00a0\u00a0\u00a0\u00a0\u00a0\u00a0\u00a0\u00a0\u00a0\u00a0\u00a0\u00a0\u00a0\u00a0\u00a0\u00a0\u00a0\u00a0\u00a0\u00a0\u00a0\u00a0\u00a0\u00a0\u00a0\u00a0\u00a0\u00a0\u00a0\u00a0\u00a0 21<\/p>\n<p>T\u00f6rpike\u00a0\u00a0\u00a0\u00a0\u00a0\u00a0\u00a0\u00a0\u00a0\u00a0\u00a0\u00a0 \u00a0\u00a0\u00a0\u00a0\u00a0\u00a0\u00a0\u00a0\u00a0\u00a0\u00a0\u00a0\u00a0\u00a0\u00a0\u00a0\u00a0\u00a0\u00a0\u00a0\u00a0\u00a0\u00a0\u00a0\u00a0\u00a0\u00a0\u00a0\u00a0\u00a0\u00a0\u00a0\u00a0\u00a0\u00a0\u00a0\u00a0\u00a0\u00a0\u00a0\u00a0\u00a0\u00a023<\/p>\n<p>Micimack\u00f3\u00a0\u00a0\u00a0\u00a0\u00a0\u00a0\u00a0\u00a0\u00a0\u00a0\u00a0\u00a0\u00a0\u00a0\u00a0\u00a0\u00a0\u00a0\u00a0\u00a0\u00a0\u00a0\u00a0\u00a0\u00a0\u00a0\u00a0\u00a0\u00a0\u00a0\u00a0\u00a0\u00a0\u00a0\u00a0\u00a0\u00a0\u00a0\u00a0\u00a0\u00a0\u00a0\u00a0\u00a0\u00a0\u00a0\u00a0\u00a0\u00a0\u00a0 24<\/p>\n<p>Katica\u00a0\u00a0\u00a0\u00a0\u00a0\u00a0\u00a0\u00a0\u00a0\u00a0\u00a0\u00a0\u00a0\u00a0\u00a0\u00a0\u00a0\u00a0\u00a0\u00a0\u00a0\u00a0\u00a0\u00a0\u00a0\u00a0\u00a0\u00a0\u00a0\u00a0\u00a0\u00a0\u00a0\u00a0\u00a0\u00a0\u00a0\u00a0\u00a0\u00a0\u00a0\u00a0\u00a0\u00a0\u00a0\u00a0\u00a0\u00a0\u00a0\u00a0\u00a0\u00a0\u00a0\u00a0\u00a0\u00a0\u00a0\u00a0 22<\/p>\n<p>Pillang\u00f3\u00a0\u00a0\u00a0\u00a0\u00a0\u00a0\u00a0\u00a0\u00a0\u00a0\u00a0\u00a0\u00a0\u00a0\u00a0\u00a0\u00a0\u00a0\u00a0\u00a0\u00a0\u00a0\u00a0\u00a0\u00a0\u00a0\u00a0\u00a0\u00a0\u00a0\u00a0\u00a0\u00a0\u00a0\u00a0\u00a0\u00a0\u00a0\u00a0\u00a0\u00a0\u00a0\u00a0\u00a0\u00a0\u00a0\u00a0\u00a0\u00a0\u00a0\u00a0\u00a0\u00a0\u00a0\u00a0\u00a0 22<\/p>\n<p><strong>\u00a0\u00a0\u00a0\u00a0\u00a0\u00a0\u00a0\u00a0\u00a0\u00a0\u00a0\u00a0\u00a0\u00a0\u00a0\u00a0\u00a0\u00a0\u00a0\u00a0\u00a0\u00a0\u00a0\u00a0\u00a0\u00a0\u00a0\u00a0\u00a0\u00a0\u00a0\u00a0\u00a0\u00a0\u00a0\u00a0\u00a0\u00a0\u00a0\u00a0\u00a0\u00a0\u00a0\u00a0\u00a0\u00a0\u00a0\u00a0\u00a0\u00a0\u00a0\u00a0\u00a0\u00a0\u00a0\u00a0\u00a0\u00a0\u00a0\u00a0\u00a0\u00a0\u00a0\u00a0\u00a0\u00a0\u00a0\u00a0\u00a0\u00a0\u00a0\u00a0\u00a0\u00a0\u00a0\u00a0\u00a0\u00a0\u00a0\u00a0\u00a0\u00a0\u00a0\u00a0\u00a0\u00a0 \u00a0\u00a0\u00a0\u00a0\u00a0\u00a0\u00a0\u00a0\u00a0\u00a0\u00a0\u00a0\u00a0\u00a0\u00a0\u00a0\u00a0<\/strong><\/p>\n<p><strong>\u00a0<\/strong><\/p>\n<p><strong> b). B\u00f6lcs\u0151dei csoportok sz\u00e1ma: 2<\/strong><\/p>\n<p><strong>\u00a0\u00a0\u00a0\u00a0\u00a0\u00a0\u00a0\u00a0\u00a0\u00a0 \u00a0\u00a0\u00a0\u00a0\u00a0\u00a0\u00a0\u00a0\u00a0\u00a0\u00a0\u00a0\u00a0\u00a0\u00a0\u00a0\u00a0\u00a0\u00a0\u00a0\u00a0\u00a0\u00a0\u00a0\u00a0<\/strong><\/p>\n<p><strong>\u00a0\u00a0\u00a0\u00a0\u00a0\u00a0\u00a0\u00a0\u00a0\u00a0\u00a0\u00a0\u00a0\u00a0\u00a0\u00a0\u00a0\u00a0\u00a0\u00a0\u00a0\u00a0\u00a0\u00a0\u00a0\u00a0 Csoport neve\u00a0\u00a0\u00a0\u00a0\u00a0\u00a0\u00a0\u00a0\u00a0\u00a0\u00a0\u00a0\u00a0\u00a0\u00a0\u00a0\u00a0\u00a0\u00a0\u00a0\u00a0\u00a0\u00a0\u00a0\u00a0\u00a0\u00a0\u00a0\u00a0\u00a0\u00a0\u00a0 L\u00e9tsz\u00e1m \/2015.okt.1-\u00e9n<\/strong><\/p>\n<p><strong>\u00a0<\/strong><\/p>\n<p>Katica\u00a0\u00a0\u00a0\u00a0\u00a0\u00a0\u00a0\u00a0\u00a0\u00a0\u00a0\u00a0\u00a0\u00a0\u00a0\u00a0\u00a0\u00a0\u00a0\u00a0\u00a0\u00a0\u00a0\u00a0\u00a0\u00a0\u00a0\u00a0\u00a0\u00a0\u00a0\u00a0\u00a0\u00a0\u00a0\u00a0\u00a0\u00a0\u00a0\u00a0\u00a0\u00a0\u00a0\u00a0\u00a0\u00a0\u00a0\u00a0\u00a0\u00a0\u00a0\u00a0\u00a0\u00a0\u00a0\u00a0\u00a0\u00a0\u00a0\u00a0\u00a0\u00a0 9<\/p>\n<p>M\u00e9hecske\u00a0\u00a0\u00a0\u00a0\u00a0\u00a0\u00a0\u00a0\u00a0\u00a0\u00a0\u00a0\u00a0\u00a0\u00a0\u00a0\u00a0\u00a0\u00a0\u00a0\u00a0\u00a0\u00a0\u00a0\u00a0\u00a0\u00a0\u00a0\u00a0\u00a0\u00a0\u00a0\u00a0\u00a0\u00a0\u00a0\u00a0\u00a0\u00a0\u00a0\u00a0\u00a0\u00a0\u00a0\u00a0\u00a0\u00a0\u00a0\u00a0\u00a0\u00a0\u00a0\u00a0\u00a0\u00a0\u00a0 9<\/p>\n<p><strong>\u00a0<\/strong><\/p>\n<ol start=\"4\">\n<li><strong> Az \u00f3vodai-b\u00f6lcs\u0151dei nevel\u00e9si \u00e9v rendje :<\/strong> 2015.09.01.-2016.08.31-ig<\/li>\n<\/ol>\n<p>&nbsp;<\/p>\n<p>Az \u00f3vodai-b\u00f6lcs\u0151dei nevel\u00e9s els\u0151 napja \u00a0\u00a0\u00a0: 2015.szeptember 01. \/ kedd<\/p>\n<p>&nbsp;<\/p>\n<p>Az \u00f3vodai-b\u00f6lcs\u0151dei nevel\u00e9s utols\u00f3 napja : 2016.augusztus 31. \/\u00a0\u00a0 szerda<\/p>\n<p>&nbsp;<\/p>\n<p><strong>Nevel\u00e9s n\u00e9lk\u00fcli munkanapok:<\/strong><\/p>\n<p>2015.okt\u00f3ber 02.<\/p>\n<p>2016.m\u00e1rcius 24-25.<\/p>\n<p>2016.j\u00fanius 9-10.<\/p>\n<p>&nbsp;<\/p>\n<p><strong>Mende , 2015. okt\u00f3ber 10.\u00a0\u00a0\u00a0\u00a0\u00a0\u00a0\u00a0\u00a0\u00a0\u00a0\u00a0\u00a0\u00a0\u00a0\u00a0\u00a0\u00a0\u00a0\u00a0\u00a0\u00a0\u00a0\u00a0\u00a0\u00a0\u00a0\u00a0\u00a0\u00a0\u00a0 \u00a0\u00a0\u00a0\u00a0\u00a0\u00a0\u00a0\u00a0\u00a0\u00a0\u00a0Juh\u00e1sz S\u00e1ndor J\u00e1nosn\u00e9<\/strong><\/p>\n","protected":false},"excerpt":{"rendered":"<p>PDF Form\u00e1tum.. K\u00d6ZZ\u00c9T\u00c9TELI LISTA \u00a0 \u00a0 A korm\u00e1ny 229\/2012 (VIII.28.) korm\u00e1nyrendelete a nemzeti k\u00f6znevel\u00e9sr\u0151l sz\u00f3l\u00f3 t\u00f6rv\u00e9ny v\u00e9grehajt\u00e1s\u00e1r\u00f3l 23.\u00a7-a \u00e9rtelm\u00e9ben az al\u00e1bbi adatokat tessz\u00fck k\u00f6zz\u00e9 : &nbsp; &nbsp; \u00d3voda megnevez\u00e9se : Mesev\u00e1r \u00d3voda-B\u00f6lcs\u0151de \u00a0 Az \u00f3voda c\u00edme, sz\u00e9khelye : 2235, Mende<\/p>\n","protected":false},"author":1,"featured_media":0,"parent":0,"menu_order":0,"comment_status":"closed","ping_status":"closed","template":"","meta":{"footnotes":""},"class_list":["post-51","page","type-page","status-publish","hentry"],"_links":{"self":[{"href":"https:\/\/mesevar.mende.hu\/ovi\/index.php\/wp-json\/wp\/v2\/pages\/51"}],"collection":[{"href":"https:\/\/mesevar.mende.hu\/ovi\/index.php\/wp-json\/wp\/v2\/pages"}],"about":[{"href":"https:\/\/mesevar.mende.hu\/ovi\/index.php\/wp-json\/wp\/v2\/types\/page"}],"author":[{"embeddable":true,"href":"https:\/\/mesevar.mende.hu\/ovi\/index.php\/wp-json\/wp\/v2\/users\/1"}],"replies":[{"embeddable":true,"href":"https:\/\/mesevar.mende.hu\/ovi\/index.php\/wp-json\/wp\/v2\/comments?post=51"}],"version-history":[{"count":1,"href":"https:\/\/mesevar.mende.hu\/ovi\/index.php\/wp-json\/wp\/v2\/pages\/51\/revisions"}],"predecessor-version":[{"id":53,"href":"https:\/\/mesevar.mende.hu\/ovi\/index.php\/wp-json\/wp\/v2\/pages\/51\/revisions\/53"}],"wp:attachment":[{"href":"https:\/\/mesevar.mende.hu\/ovi\/index.php\/wp-json\/wp\/v2\/media?parent=51"}],"curies":[{"name":"wp","href":"https:\/\/api.w.org\/{rel}","templated":true}]}}